{"id":1469,"date":"2021-02-15T15:54:05","date_gmt":"2021-02-15T14:54:05","guid":{"rendered":"http:\/\/kool.cz\/podminky-ochrany-osobnich-udaju\/"},"modified":"2021-05-21T14:04:52","modified_gmt":"2021-05-21T12:04:52","slug":"gdpr","status":"publish","type":"page","link":"https:\/\/kool.cz\/de\/gdpr\/","title":{"rendered":"GDPR"},"content":{"rendered":"<div class=\"fusion-fullwidth fullwidth-box fusion-builder-row-1 fusion-flex-container nonhundred-percent-fullwidth non-hundred-percent-height-scrolling\" style=\"--awb-border-radius-top-left:0px;--awb-border-radius-top-right:0px;--awb-border-radius-bottom-right:0px;--awb-border-radius-bottom-left:0px;--awb-flex-wrap:wrap;\" ><div class=\"fusion-builder-row fusion-row fusion-flex-align-items-flex-start fusion-flex-content-wrap\" style=\"max-width:1248px;margin-left: calc(-4% \/ 2 );margin-right: calc(-4% \/ 2 );\"><div class=\"fusion-layout-column fusion_builder_column fusion-builder-column-0 fusion_builder_column_1_1 1_1 fusion-flex-column\" style=\"--awb-bg-size:cover;--awb-width-large:100%;--awb-margin-top-large:0px;--awb-spacing-right-large:1.92%;--awb-margin-bottom-large:0px;--awb-spacing-left-large:1.92%;--awb-width-medium:100%;--awb-spacing-right-medium:1.92%;--awb-spacing-left-medium:1.92%;--awb-width-small:100%;--awb-spacing-right-small:1.92%;--awb-spacing-left-small:1.92%;\"><div class=\"fusion-column-wrapper fusion-flex-justify-content-flex-start fusion-content-layout-column\"><div class=\"fusion-text fusion-text-1\"><div class=\"fusion-title title fusion-title-1 fusion-sep-none fusion-title-text fusion-title-size-two fusion-border-below-title\">\n<h2>Datenschutzrichtlinie<\/h2>\n<p>I.Datenschutz personenbezogener Daten<\/p>\n<p>1.1. Mit der Eingabe von personenbezogenen Daten erkennt der Nutzer an, dass er die Bedingungen des Datenschutzes versteht, ihrer Formulierung zustimmt und diese in vollem Umfang akzeptiert.<\/p>\n<p>1.2 Der Anbieter ist der Administrator von pers\u00f6nlichen Daten der Nutzer gem\u00e4\u00df Art. 4 Nummer 7) des Europ\u00e4ischen Parlaments und des Rates (EU) 2016\/679 zum Schutz nat\u00fcrlicher Personen bei der Verarbeitung personenbezogener Daten und zum freien Datenverkehr und zur Aufhebung der Richtlinie 95\/46 \/ EG (Allgemeine Datenschutzverordnung (im Folgenden &#8222;DSGVO&#8220;). Der Anbieter verpflichtet sich, personenbezogene Daten gem\u00e4\u00df den gesetzlichen Bestimmungen, insbesondere der DSGVO, zu verarbeiten.<\/p>\n<p>1.3. Pers\u00f6nliche Informationen sind Informationen \u00fcber eine identifizierte oder identifizierbare nat\u00fcrliche Person; eine bestimmbare nat\u00fcrliche Person ist eine Person, die direkt identifiziert werden k\u00f6nnen, oder indirekt, insbesondere durch Bezugnahme auf eine spezielle Kennung, wie Name, Identifikationsnummer, Standortdaten, Netzwerkkennung oder zu einem oder mehreren spezifischen Elementen, die die physischen, physiologischen, genetischen, psychischen, wirtschaftlichen, kulturellen oder die soziale Identit\u00e4t dieses Individuums.<\/p>\n<p>1.4 Bei der Bestellung sind die f\u00fcr die erfolgreiche Auftragsausf\u00fchrung erforderlichen pers\u00f6nlichen Daten (Name und Adresse, Kontakt) erforderlich. Der Zweck personenbezogene Daten zu verarbeiten, um die Ausf\u00fchrung und Aus\u00fcbung der Rechte des Benutzers und Pflichten aus dem Vertragsverh\u00e4ltnis zwischen dem Anbieter und Benutzer entstehen. Der Zweck der Verarbeitung pers\u00f6nlicher Informationen besteht darin, Gesch\u00e4ftsnachrichten zu senden und andere Marketingaktivit\u00e4ten durchzuf\u00fchren. Der rechtliche Grund f\u00fcr die Verarbeitung personenbezogener Daten ist die Erf\u00fcllung des Vertrags gem\u00e4\u00df Artikel 6 (1) b) DSGVO, Erf\u00fcllung der gesetzlichen Verpflichtung des Verwalters nach Artikel 6 Absatz 1 c) die DSPR und das berechtigte Interesse des Anbieters gem\u00e4\u00df Artikel 6 Absatz 1 f) DSGVO. Das berechtigte Interesse des Anbieters besteht in der Verarbeitung personenbezogener Daten f\u00fcr Direktmarketingzwecke.<\/p>\n<p>1.5 Provider f\u00fcr die Erf\u00fcllung der Lizenzvereinbarung nutzen die Dienste von Subunternehmern, vor allem Anbieter von Postdienstleistungen (personenbezogene Daten in Drittl\u00e4nder gespeichert) und Hosting-Anbieter. Subunternehmer werden auf die sichere Verarbeitung personenbezogener Daten \u00fcberpr\u00fcft. Web-Hosting-Provider und der Subunternehmer unterzeichnete einen Vertrag \u00fcber die Verarbeitung personenbezogener Daten, nach denen der Subunternehmer verantwortlich f\u00fcr die ordnungsgem\u00e4\u00dfe physische Sicherheit, Hardware- und Software-Umfang und somit verantwortlich f\u00fcr den Benutzer die direkte Verantwortung f\u00fcr Leckagen oder Verletzungen der pers\u00f6nlichen Daten.<\/p>\n<p>1.6 Der Anbieter speichert die pers\u00f6nlichen Daten f\u00fcr die Zeit des Benutzers erforderlich, die Rechte und Pflichten aus dem Vertragsverh\u00e4ltnis zwischen dem Anbieter und Benutzer und den Anspr\u00fcchen der vertraglichen Beziehungen (f\u00fcr einen Zeitraum von 15 Jahren nach Beendigung des Vertragsverh\u00e4ltnisses), die sich zu trainieren. Nach Ablauf werden Daten gel\u00f6scht.<\/p>\n<p>1.7 Der Nutzer hat das Recht, den Anbieter ben\u00f6tigen Ihre personenbezogenen Daten gem\u00e4\u00df Art zuzugreifen. 15 BIPR, Reparatur von pers\u00f6nlichen Daten gem\u00e4\u00df Art. 16 BIPR oder Verarbeitungsbeschr\u00e4nkungen gem\u00e4ss Art. 18 BIPR. Der Nutzer hat das Recht, personenbezogene Daten gem\u00e4\u00df Artikel 17 Absatz 1 zu l\u00f6schen. (a) und (c) bis (f) der DSGVO. Dar\u00fcber hinaus haben die Nutzer das Recht auf die Verarbeitung nach Art zu widersprechen. 21 BIPR und das Recht zur Daten\u00fcbertragbarkeit unter Art. 20 BIPR.<\/p>\n<p>1.8 Der Nutzer hat das Recht, eine Beschwerde beim Amt f\u00fcr Schutz von personenbezogenen Daten zu nehmen, wenn sie glaubt, dass sein Recht auf Privatsph\u00e4re verletzt.<\/p>\n<p>1.9 Der Nutzer ist nicht verpflichtet, personenbezogene Daten anzugeben. pers\u00f6nliche Bereitstellung von Informationen ist keine notwendige Voraussetzung f\u00fcr den Abschluss des Vertrages und ohne personenbezogener Daten m\u00f6glich ist nicht m\u00f6glich, den Vertrag oder mich vom Provider abschlie\u00dft auszuf\u00fchren.<\/p>\n<p>1.10 Der Anbieter trifft nicht automatisch eine individuelle Entscheidung im Sinne der DSGVO Nr. 22.<\/p>\n<p>1.11 Bewerber f\u00fcr die Nutzung der Dienstleistungen des Anbieters durch Ausf\u00fcllen des Kontaktformulars:<\/p>\n<ol>\n<li>stimmt mit ihren pers\u00f6nlichen Daten zum Zweck des Versands von kommerziellen elektronischen Nachrichten mit, Werbematerialien, Direktvertrieb, Marktforschung und direkte Produkt durch den Anbieter und Dritten anbieten, aber nicht mehr als 1 Woche, und zur gleichen Zeit<\/li>\n<li>erkl\u00e4rt, dass nach Abschnitt 1.11.1 informieren keine unerw\u00fcnschte Werbung im Sinne des Gesetzes betrachten. Nr. 40\/1995 Sammlung in der ge\u00e4nderten Fassung, da der Benutzer die Informationen gem\u00e4\u00df Nummer 1.11.1 in Verbindung mit \u00a7 7 des Gesetzes \u00fcbermittelt. Nr. 480\/2004 Sammlung stimme ausdr\u00fccklich zu.<\/li>\n<li>Die Einwilligung kann jederzeit schriftlich bei <strong><a href=\"mailto:kool@kool.cz\">kool@kool.cz<\/a>.<\/strong> widerrufen werden.<\/li>\n<\/ol>\n<p>1.12 Der Anbieter innerhalb der Servicequalit\u00e4tsverbesserung, Personalisierung Men\u00fc anonymer Datenerfassung und Analysezwecke in seiner Pr\u00e4sentation verwendet genannt. Pl\u00e4tzchen. Durch die Nutzung der Website stimmt der Nutzer der Nutzung der Technologie zu.<\/p>\n<ol>\n<li>Rechte und Pflichten zwischen Administrator und Prozessor (Bearbeitungsvereinbarung)<\/li>\n<\/ol>\n<p>2.1 Der Anbieter ist in Bezug auf die personenbezogenen Daten von Kunden durch den Kunden in \u00dcbereinstimmung mit Artikel 28 DSGVO. Der Benutzer ist der Administrator dieser Daten.<\/p>\n<p>2.2 Diese Allgemeinen Gesch\u00e4ftsbedingungen regeln die gegenseitigen Rechte und Pflichten bei der Verarbeitung personenbezogener Daten, die Zugangsanbieter gewonnen bei der Durchf\u00fchrung von Lizenzvertr\u00e4gen in Form von Zustimmung der allgemeinen Gesch\u00e4ftsbedingung zu <strong><a href=\"http:\/\/www.kool.cz\">www.kool.cz<\/a><\/strong> (die \u201eLizenzvereinbarung\u201c genannt) in dem Benutzer das Datum der Gr\u00fcndung des Benutzers Konto.<\/p>\n<p>2.3 Der Anbieter verpflichtet sich, dass der Nutzer personenbezogene Daten in dem Umfang und zu den Zwecken verwendet, die in den Artikeln 2.4 bis 2.7 dieser Allgemeinen Gesch\u00e4ftsbedingungen genannt sind. Verarbeitungsressourcen werden automatisiert. Der Anbieter wird personenbezogene Daten bei der Verarbeitung sammeln, speichern, speichern, sperren und disassemblieren. Der Anbieter ist nicht berechtigt, personenbezogene Daten zu verletzen oder \u00fcber die in diesen Bedingungen festgelegten Grenzen hinaus zu verarbeiten.<\/p>\n<p>2.4 Der Anbieter verpflichtet sich, personenbezogene Daten in folgendem Umfang zu verarbeiten:<\/p>\n<ol>\n<li>gemeinsame personenbezogene Daten,<\/li>\n<li>besondere Datenkategorien gem\u00e4\u00df Artikel 9 DSGVO,<\/li>\n<\/ol>\n<p>die der Benutzer im Zusammenhang mit seinem eigenen Gesch\u00e4ft erhalten hat.<\/p>\n<p>2.5. Der Anbieter verpflichtet sich, dass der Nutzer personenbezogene Daten verarbeitet, um Anfragen und Kundenanfragen aus dem Kontaktformular zu bearbeiten.<\/p>\n<p>2.6. Personenbezogene Daten d\u00fcrfen nur am Arbeitsplatz des Anbieters oder seiner Unterauftragnehmer gem\u00e4\u00df Artikel 2.8 dieser Bedingungen auf dem Gebiet der Europ\u00e4ischen Union verarbeitet werden.<\/p>\n<p>2.7. Provider verpflichtet sich personenbezogene Daten User User Clients zu verarbeiten, die ganze Zeit notwendig, um die Rechte und Pflichten aus dem Vertragsverh\u00e4ltnis zwischen dem Anbieter und dem Nutzer der Anwendung ergeben auszu\u00fcben und den Anspr\u00fcchen der vertraglichen Beziehungen (f\u00fcr einen Zeitraum von 15 Jahren nach Beendigung des Vertragsverh\u00e4ltnisses).<\/p>\n<p>2.8 Der Nutzer erteilt die Erlaubnis, einen Unterauftragnehmer als weiteren Verarbeiter gem\u00e4\u00df Artikel 28 (2) der DSGVO zu beauftragen, bei dem es sich um den Anbieter der Hosting-Anwendung handelt. Der Nutzer r\u00e4umt auch der Anbieter eine allgemeine Zulassung in weiteren Verarbeitung personenbezogener Daten Prozessor engagieren, Provider-Benutzer schriftlich alle beabsichtigten \u00c4nderungen an der Annahme zus\u00e4tzlicher Prozessoren im Zusammenhang informiert werden m\u00fcssen, oder sie ersetzen und den Nutzern die M\u00f6glichkeit, Einw\u00e4nde gegen diese \u00c4nderungen zu \u00e4u\u00dfern. Der Anbieter muss seinen Unterauftragnehmern als Verarbeiter von personenbezogenen Daten die gleichen Datenschutzverpflichtungen auferlegen, die in diesen Bedingungen festgelegt sind.<\/p>\n<p>2.9. Der Anbieter verpflichtet sich, dass die Verarbeitung personenbezogener Daten insbesondere wie folgt sichergestellt wird:<\/p>\n<ol>\n<li>Personenbezogene Daten werden gem\u00e4\u00df den gesetzlichen Bestimmungen und auf der Grundlage der Benutzeranweisungen verarbeitet, dh zur Durchf\u00fchrung aller f\u00fcr die Bereitstellung von Web-Plattformen erforderlichen Aktivit\u00e4ten.<\/li>\n<li>Der Anbieter verpflichtet mich, technisch und organisatorisch den Schutz personenbezogener Daten zu gew\u00e4hrleisten verarbeitet, um nicht autorisierten oder versehentlichen Zugriff auf Daten zu verhindern, deren Ver\u00e4nderung, Zerst\u00f6rung oder Verlust, unbefugten Transfer, andere nicht autorisierte Verarbeitung sowie anderen Missbrauch und sicherzustellen, dass alle sich aus dem Gesetz ergebenden Pflichten des pers\u00f6nlichen Datenverarbeiters w\u00e4hrend der gesamten pers\u00f6nlichen und organisatorischen Kontinuit\u00e4t der Datenverarbeitung fortlaufend gesch\u00fctzt werden.<\/li>\n<li>Die getroffenen technischen und organisatorischen Ma\u00dfnahmen m\u00fcssen der H\u00f6he des Risikos entsprechen. Provider der mit ihnen gew\u00e4hrleistet laufenden Vertraulichkeit, Integrit\u00e4t, Verf\u00fcgbarkeit und Ausfallsicherheit von Systemen und Verarbeitungsdienste, aktuelle und pers\u00f6nliche Daten Verf\u00fcgbarkeit und Zug\u00e4nglichkeit stellt im Falle von nat\u00fcrlichen oder technischen St\u00f6rungen.<\/li>\n<li>Der Anbieter erkl\u00e4rt hiermit, dass der Schutz personenbezogener Daten den internen Sicherheitsbestimmungen des Anbieters unterliegt.<\/li>\n<li>personenbezogenen Daten werden nur von autorisierten Personen und Subunternehmern nach Art zugegriffen werden. 2.8 dieser Bedingungen, dass die Anbieter die Bedingungen haben werden und den Umfang der Datenverarbeitung und jede solche Person wird die pers\u00f6nlichen Informationen unter seiner eindeutigen Kennung zuzugreifen.<\/li>\n<li>Befugte Personen Anbieter, die personenbezogene Daten unter diesen Bedingungen verarbeiten, sind verpflichtet, die Vertraulichkeit personenbezogener Daten und Sicherheitsma\u00dfnahmen zu wahren, deren Offenlegung ihre Sicherheit gef\u00e4hrden w\u00fcrde. Der Anbieter muss seine nachweisliche Verpflichtung zu dieser Verpflichtung sicherstellen. Der Anbieter stellt sicher, dass diese Verpflichtung sowohl f\u00fcr den Anbieter als auch f\u00fcr den Beg\u00fcnstigten nach Beendigung einer rechtlichen oder sonstigen Beziehung mit dem Anbieter bestehen bleibt.<\/li>\n<li>Der Anbieter unterst\u00fctzt den Nutzer, soweit dies m\u00f6glich ist, durch geeignete technische und organisatorische Ma\u00dfnahmen, die Verpflichtung des Nutzers zu erf\u00fcllen, auf die Anfragen der betroffenen Person nach Daten zu reagieren, die der DSGVO unterliegen; sowie die Einhaltung der Verpflichtungen gem\u00e4\u00df Artikel 32 bis 36 der Datenschutzverordnung sicherzustellen, wobei die Art der Verarbeitung und die dem Anbieter zur Verf\u00fcgung stehenden Informationen zu ber\u00fccksichtigen sind.<\/li>\n<li>Nach Abschluss der Transaktionen, die mit der Verarbeitung verbunden ist, nach Art. 2.7 dieser Bedingungen hat der Provider alle pers\u00f6nlichen Daten l\u00f6schen, oder geben Sie sie an den Benutzer, wenn keine Verpflichtung auf der Grundlage eines besonderen Gesetzes personenbezogene Daten zu speichern.<\/li>\n<li>Provider wird den Nutzer mit allen Informationen, die notwendig sind, die Tatsache zu schaffen, dass die Verpflichtungen aus diesem Abkommen und BIPR Audits erm\u00f6glichen, einschlie\u00dflich Inspektionen, durch den Benutzer oder durch einen anderen Rechnungspr\u00fcfer durchgef\u00fchrt, die den Benutzer in Auftrag gegeben.<\/li>\n<\/ol>\n<p>2.10 Der Nutzer verpflichtet sich, unverz\u00fcglich alle bekannten Tatsachen zu berichten, die sich negativ auf die richtige und rechtzeitige Erf\u00fcllung der Verpflichtungen aus diesen Bedingungen beeinflussen k\u00f6nnten und Provider Unterst\u00fctzung, die f\u00fcr die Erf\u00fcllung dieser Bedingungen zu schaffen.<\/p>\n<p>III. Schlussbestimmungen<\/p>\n<p>3.1 Diese Bedingungen erl\u00f6schen mit Ablauf der in Artikel 1.6 und Artikel 2.7 dieser Bedingungen genannten Zeit.<\/p>\n<p>3.2 Der Nutzer erkl\u00e4rt sich mit diesen Bedingungen einverstanden, indem er die Zustimmung \u00fcber das Online-Formular ankreuzt. Mit der Unterzeichnung der Einwilligung erkl\u00e4rt der Nutzer, dass er diese Bedingungen gelesen hat, mit ihnen einverstanden ist und sie in vollem Umfang akzeptiert.<\/p>\n<p>3.3 Der Anbieter ist berechtigt, diese Bedingungen zu \u00e4ndern. Der Anbieter ist verpflichtet, eine neue Version der Bedingungen auf seiner Website unverz\u00fcglich zu ver\u00f6ffentlichen. sendet die neue Version an den Benutzer unter seiner E-Mail-Adresse.<\/p>\n<p>3.4. Kontaktdaten des Anbieters in Angelegenheiten, die die folgenden Bedingungen betreffen: :\u00a0<a href=\"tel:+420567224317\"><strong>+420 567 224 317<\/strong><\/a>,\u00a0 <strong><a href=\"mailto:kool@kool.cz\">kool@kool.cz<\/a><\/strong><\/p>\n<p>3.5 Die Beziehungen zwischen diesen Bedingungen werden ausdr\u00fccklich BIPR und Gesetze der Tschechischen Republik, vor allem Gesetz Nr geregelt. 89\/2012 Slg., BGB jeweils g\u00fcltige Fassung.<\/p>\n<p>Diese Bedingungen treten am 21. Mai 2012 in Kraft.<\/p>\n<\/div>\n<\/div><\/div><\/div><\/div><\/div>\n","protected":false},"excerpt":{"rendered":"","protected":false},"author":3,"featured_media":0,"parent":0,"menu_order":0,"comment_status":"closed","ping_status":"open","template":"","meta":{"footnotes":""},"class_list":["post-1469","page","type-page","status-publish","hentry"],"yoast_head":"<!-- This site is optimized with the Yoast SEO plugin v26.9 - https:\/\/yoast.com\/product\/yoast-seo-wordpress\/ -->\n<title>GDPR - KOOL TRADING, spol. s r.o.<\/title>\n<meta name=\"robots\" content=\"index, follow, max-snippet:-1, max-image-preview:large, max-video-preview:-1\" \/>\n<link rel=\"canonical\" href=\"https:\/\/kool.cz\/podminky-ochrany-osobnich-udaju\/\" \/>\n<meta property=\"og:locale\" content=\"de_DE\" \/>\n<meta property=\"og:type\" content=\"article\" \/>\n<meta property=\"og:title\" content=\"GDPR - KOOL TRADING, spol. s r.o.\" \/>\n<meta property=\"og:url\" content=\"https:\/\/kool.cz\/podminky-ochrany-osobnich-udaju\/\" \/>\n<meta property=\"og:site_name\" content=\"KOOL TRADING, spol. s r.o.\" \/>\n<meta property=\"article:modified_time\" content=\"2021-05-21T12:04:52+00:00\" \/>\n<meta name=\"twitter:card\" content=\"summary_large_image\" \/>\n<meta name=\"twitter:label1\" content=\"Gesch\u00e4tzte Lesezeit\" \/>\n\t<meta name=\"twitter:data1\" content=\"10\u00a0Minuten\" \/>\n<script type=\"application\/ld+json\" class=\"yoast-schema-graph\">{\"@context\":\"https:\/\/schema.org\",\"@graph\":[{\"@type\":\"WebPage\",\"@id\":\"https:\/\/kool.cz\/podminky-ochrany-osobnich-udaju\/\",\"url\":\"https:\/\/kool.cz\/podminky-ochrany-osobnich-udaju\/\",\"name\":\"GDPR - KOOL TRADING, spol. s r.o.\",\"isPartOf\":{\"@id\":\"https:\/\/kool.cz\/#website\"},\"datePublished\":\"2021-02-15T14:54:05+00:00\",\"dateModified\":\"2021-05-21T12:04:52+00:00\",\"inLanguage\":\"de\",\"potentialAction\":[{\"@type\":\"ReadAction\",\"target\":[\"https:\/\/kool.cz\/podminky-ochrany-osobnich-udaju\/\"]}]},{\"@type\":\"WebSite\",\"@id\":\"https:\/\/kool.cz\/#website\",\"url\":\"https:\/\/kool.cz\/\",\"name\":\"KOOL TRADING, spol. s r.o.\",\"description\":\"Elitn\u00ed projektant a v\u00fdrobce \u00faprav\u00e1rensk\u00fdch linek a transportn\u00edch za\u0159\u00edzen\u00ed\",\"potentialAction\":[{\"@type\":\"SearchAction\",\"target\":{\"@type\":\"EntryPoint\",\"urlTemplate\":\"https:\/\/kool.cz\/?s={search_term_string}\"},\"query-input\":{\"@type\":\"PropertyValueSpecification\",\"valueRequired\":true,\"valueName\":\"search_term_string\"}}],\"inLanguage\":\"de\"}]}<\/script>\n<!-- \/ Yoast SEO plugin. -->","yoast_head_json":{"title":"GDPR - KOOL TRADING, spol. s r.o.","robots":{"index":"index","follow":"follow","max-snippet":"max-snippet:-1","max-image-preview":"max-image-preview:large","max-video-preview":"max-video-preview:-1"},"canonical":"https:\/\/kool.cz\/podminky-ochrany-osobnich-udaju\/","og_locale":"de_DE","og_type":"article","og_title":"GDPR - KOOL TRADING, spol. s r.o.","og_url":"https:\/\/kool.cz\/podminky-ochrany-osobnich-udaju\/","og_site_name":"KOOL TRADING, spol. s r.o.","article_modified_time":"2021-05-21T12:04:52+00:00","twitter_card":"summary_large_image","twitter_misc":{"Gesch\u00e4tzte Lesezeit":"10\u00a0Minuten"},"schema":{"@context":"https:\/\/schema.org","@graph":[{"@type":"WebPage","@id":"https:\/\/kool.cz\/podminky-ochrany-osobnich-udaju\/","url":"https:\/\/kool.cz\/podminky-ochrany-osobnich-udaju\/","name":"GDPR - KOOL TRADING, spol. s r.o.","isPartOf":{"@id":"https:\/\/kool.cz\/#website"},"datePublished":"2021-02-15T14:54:05+00:00","dateModified":"2021-05-21T12:04:52+00:00","inLanguage":"de","potentialAction":[{"@type":"ReadAction","target":["https:\/\/kool.cz\/podminky-ochrany-osobnich-udaju\/"]}]},{"@type":"WebSite","@id":"https:\/\/kool.cz\/#website","url":"https:\/\/kool.cz\/","name":"KOOL TRADING, spol. s r.o.","description":"Elitn\u00ed projektant a v\u00fdrobce \u00faprav\u00e1rensk\u00fdch linek a transportn\u00edch za\u0159\u00edzen\u00ed","potentialAction":[{"@type":"SearchAction","target":{"@type":"EntryPoint","urlTemplate":"https:\/\/kool.cz\/?s={search_term_string}"},"query-input":{"@type":"PropertyValueSpecification","valueRequired":true,"valueName":"search_term_string"}}],"inLanguage":"de"}]}},"_links":{"self":[{"href":"https:\/\/kool.cz\/de\/wp-json\/wp\/v2\/pages\/1469","targetHints":{"allow":["GET"]}}],"collection":[{"href":"https:\/\/kool.cz\/de\/wp-json\/wp\/v2\/pages"}],"about":[{"href":"https:\/\/kool.cz\/de\/wp-json\/wp\/v2\/types\/page"}],"author":[{"embeddable":true,"href":"https:\/\/kool.cz\/de\/wp-json\/wp\/v2\/users\/3"}],"replies":[{"embeddable":true,"href":"https:\/\/kool.cz\/de\/wp-json\/wp\/v2\/comments?post=1469"}],"version-history":[{"count":4,"href":"https:\/\/kool.cz\/de\/wp-json\/wp\/v2\/pages\/1469\/revisions"}],"predecessor-version":[{"id":1538,"href":"https:\/\/kool.cz\/de\/wp-json\/wp\/v2\/pages\/1469\/revisions\/1538"}],"wp:attachment":[{"href":"https:\/\/kool.cz\/de\/wp-json\/wp\/v2\/media?parent=1469"}],"curies":[{"name":"wp","href":"https:\/\/api.w.org\/{rel}","templated":true}]}}