{"id":1364,"date":"2021-05-04T10:49:10","date_gmt":"2021-05-04T08:49:10","guid":{"rendered":"http:\/\/kool.cz\/servis\/"},"modified":"2021-05-14T09:14:07","modified_gmt":"2021-05-14T07:14:07","slug":"service","status":"publish","type":"page","link":"https:\/\/kool.cz\/de\/service\/","title":{"rendered":"Service"},"content":{"rendered":"<p><div class=\"fusion-fullwidth fullwidth-box fusion-builder-row-1 fusion-flex-container nonhundred-percent-fullwidth non-hundred-percent-height-scrolling\" style=\"--awb-border-radius-top-left:0px;--awb-border-radius-top-right:0px;--awb-border-radius-bottom-right:0px;--awb-border-radius-bottom-left:0px;--awb-padding-top:100px;--awb-padding-bottom:100px;--awb-background-color:#f4f4f4;--awb-flex-wrap:wrap;\" id=\"drtici-a-tridici-linky\" ><div class=\"fusion-builder-row fusion-row fusion-flex-align-items-flex-start fusion-flex-justify-content-space-between fusion-flex-content-wrap\" style=\"max-width:1248px;margin-left: calc(-4% \/ 2 );margin-right: calc(-4% \/ 2 );\"><div class=\"fusion-layout-column fusion_builder_column fusion-builder-column-0 fusion_builder_column_1_2 1_2 fusion-flex-column fusion-flex-align-self-center fusion-animated\" style=\"--awb-bg-size:cover;--awb-width-large:50%;--awb-margin-top-large:0px;--awb-spacing-right-large:3.84%;--awb-margin-bottom-large:20px;--awb-spacing-left-large:3.84%;--awb-width-medium:50%;--awb-order-medium:0;--awb-spacing-right-medium:3.84%;--awb-spacing-left-medium:3.84%;--awb-width-small:100%;--awb-order-small:0;--awb-spacing-right-small:1.92%;--awb-spacing-left-small:1.92%;\" data-animationType=\"fadeInLeft\" data-animationDuration=\"0.6\" data-animationOffset=\"top-into-view\"><div class=\"fusion-column-wrapper fusion-column-has-shadow fusion-flex-justify-content-center fusion-content-layout-column\"><div class=\"fusion-title title fusion-title-1 fusion-sep-none fusion-title-text fusion-title-size-two\"><h2 class=\"fusion-title-heading title-heading-left\" style=\"margin:0;\">Wir bieten an und wir f\u00fchren durch:<\/h2><\/div><div class=\"fusion-text fusion-text-1\"><ul>\n<li>regelm\u00e4\u00dfigen Garantie- und Nachgarantieservice unserer Lieferungen<\/li>\n<li>Zerlegung und \u00dcberpr\u00fcfung der gebrauchten technologischen Anlagen (einzelne F\u00f6rderer, Aufgeber, Dosierer, Stahlkonstruktionen, Aufsch\u00fcttrichter u.\u00e4. sowie ganze technologische Komplexe)<\/li>\n<li>vorbeugende Durchsichten der F\u00f6rderwege und der technologischen Linien zur Gesteinaufbereitung aus der Sicherheitssicht, technischen Service und Fehlerdiagnose<\/li>\n<li>breites Sortiment von Ersatzteilen der Bandf\u00f6rderer<\/li>\n<li>Lieferungen und Installationen von Schneidsammlern eigener Konstruktion<\/li>\n<li>Gummierung der Antriebs- und \u00dcberf\u00fchrwalzen der F\u00f6rderer<\/li>\n<li>Lieferungen und Installationen der Abdeckung der F\u00f6rderwege aus verzinktem gewelltem Stahlblech CAPOTEX, einschlie\u00dflich der Abdichtung der \u00dcbergabeknoten<\/li>\n<li>Lieferungen und Installationen von Tunnels und Vorratsbeh\u00e4ltern aus verzinktem gewellten Stahlblech HAMCO<\/li>\n<li>Auskleidung der Rutschen mit abriebfesten Blechen THYSSEN XAR, HARDOX, oder austauschbaren Gummisegmenten<\/li>\n<\/ul>\n<\/div><\/div><\/div><div class=\"fusion-layout-column fusion_builder_column fusion-builder-column-1 fusion_builder_column_1_2 1_2 fusion-flex-column fusion-flex-align-self-center fusion-animated\" style=\"--awb-bg-size:cover;--awb-width-large:50%;--awb-margin-top-large:0px;--awb-spacing-right-large:3.84%;--awb-margin-bottom-large:20px;--awb-spacing-left-large:3.84%;--awb-width-medium:50%;--awb-order-medium:0;--awb-spacing-right-medium:3.84%;--awb-spacing-left-medium:3.84%;--awb-width-small:100%;--awb-order-small:0;--awb-spacing-right-small:1.92%;--awb-spacing-left-small:1.92%;\" data-animationType=\"fadeInRight\" data-animationDuration=\"0.3\" data-animationOffset=\"top-into-view\"><div class=\"fusion-column-wrapper fusion-column-has-shadow fusion-flex-justify-content-center fusion-content-layout-column\"><div class=\"fusion-image-carousel fusion-image-carousel-auto fusion-image-carousel-1 lightbox-enabled\"><div class=\"awb-carousel awb-swiper awb-swiper-carousel awb-carousel--carousel awb-swiper-dots-position-bottom\" data-layout=\"carousel\" data-autoplay=\"yes\" data-autoplayspeed=\"2500\" data-autoplaypause=\"no\" data-columns=\"1\" data-columnsmedium=\"1\" data-columnssmall=\"1\" data-itemmargin=\"20\" data-itemwidth=\"180\" data-touchscroll=\"no\" data-freemode=\"no\" data-imagesize=\"auto\" data-scrollitems=\"1\" data-centeredslides=\"no\" data-rotationangle=\"50\" data-depth=\"100\" data-speed=\"500\" data-shadow=\"no\" data-pagination=\"bullets\" style=\"--awb-columns:1;--awb-column-spacing:20px;\"><div class=\"swiper-wrapper awb-image-carousel-wrapper fusion-flex-align-items-center\"><div class=\"swiper-slide\"><div class=\"fusion-carousel-item-wrapper\"><div class=\"fusion-image-wrapper hover-type-zoomin\"><a data-rel=\"iLightbox[image_carousel_1]\" data-title=\"img01\" aria-label=\"img01\" href=\"http:\/\/kool.cz\/wp-content\/uploads\/2021\/05\/img01.jpg\" target=\"_self\"><img decoding=\"async\" width=\"1280\" height=\"853\" src=\"https:\/\/kool.cz\/wp-content\/uploads\/2021\/05\/img01.jpg\" class=\"attachment-full size-full\" alt=\"\" srcset=\"https:\/\/kool.cz\/wp-content\/uploads\/2021\/05\/img01-200x133.jpg 200w, https:\/\/kool.cz\/wp-content\/uploads\/2021\/05\/img01-300x200.jpg 300w, https:\/\/kool.cz\/wp-content\/uploads\/2021\/05\/img01-400x267.jpg 400w, https:\/\/kool.cz\/wp-content\/uploads\/2021\/05\/img01-600x400.jpg 600w, https:\/\/kool.cz\/wp-content\/uploads\/2021\/05\/img01-768x512.jpg 768w, https:\/\/kool.cz\/wp-content\/uploads\/2021\/05\/img01-800x533.jpg 800w, https:\/\/kool.cz\/wp-content\/uploads\/2021\/05\/img01-1024x682.jpg 1024w, https:\/\/kool.cz\/wp-content\/uploads\/2021\/05\/img01-1200x800.jpg 1200w, https:\/\/kool.cz\/wp-content\/uploads\/2021\/05\/img01.jpg 1280w\" sizes=\"(max-width: 1280px) 100vw, 1280px\" \/><\/a><\/div><\/div><\/div><div class=\"swiper-slide\"><div class=\"fusion-carousel-item-wrapper\"><div class=\"fusion-image-wrapper hover-type-zoomin\"><a data-rel=\"iLightbox[image_carousel_1]\" data-title=\"img02 (1)\" aria-label=\"img02 (1)\" href=\"http:\/\/kool.cz\/wp-content\/uploads\/2021\/05\/img02-1.jpg\" target=\"_self\"><img decoding=\"async\" width=\"1280\" height=\"853\" src=\"https:\/\/kool.cz\/wp-content\/uploads\/2021\/05\/img02-1.jpg\" class=\"attachment-full size-full\" alt=\"\" srcset=\"https:\/\/kool.cz\/wp-content\/uploads\/2021\/05\/img02-1-200x133.jpg 200w, https:\/\/kool.cz\/wp-content\/uploads\/2021\/05\/img02-1-300x200.jpg 300w, https:\/\/kool.cz\/wp-content\/uploads\/2021\/05\/img02-1-400x267.jpg 400w, https:\/\/kool.cz\/wp-content\/uploads\/2021\/05\/img02-1-600x400.jpg 600w, https:\/\/kool.cz\/wp-content\/uploads\/2021\/05\/img02-1-768x512.jpg 768w, https:\/\/kool.cz\/wp-content\/uploads\/2021\/05\/img02-1-800x533.jpg 800w, https:\/\/kool.cz\/wp-content\/uploads\/2021\/05\/img02-1-1024x682.jpg 1024w, https:\/\/kool.cz\/wp-content\/uploads\/2021\/05\/img02-1-1200x800.jpg 1200w, https:\/\/kool.cz\/wp-content\/uploads\/2021\/05\/img02-1.jpg 1280w\" sizes=\"(max-width: 1280px) 100vw, 1280px\" \/><\/a><\/div><\/div><\/div><div class=\"swiper-slide\"><div class=\"fusion-carousel-item-wrapper\"><div class=\"fusion-image-wrapper hover-type-zoomin\"><a data-rel=\"iLightbox[image_carousel_1]\" data-title=\"img03\" aria-label=\"img03\" href=\"http:\/\/kool.cz\/wp-content\/uploads\/2021\/05\/img03.jpg\" target=\"_self\"><img decoding=\"async\" width=\"1280\" height=\"853\" src=\"https:\/\/kool.cz\/wp-content\/uploads\/2021\/05\/img03.jpg\" class=\"attachment-full size-full\" alt=\"\" srcset=\"https:\/\/kool.cz\/wp-content\/uploads\/2021\/05\/img03-200x133.jpg 200w, https:\/\/kool.cz\/wp-content\/uploads\/2021\/05\/img03-300x200.jpg 300w, https:\/\/kool.cz\/wp-content\/uploads\/2021\/05\/img03-400x267.jpg 400w, https:\/\/kool.cz\/wp-content\/uploads\/2021\/05\/img03-600x400.jpg 600w, https:\/\/kool.cz\/wp-content\/uploads\/2021\/05\/img03-768x512.jpg 768w, https:\/\/kool.cz\/wp-content\/uploads\/2021\/05\/img03-800x533.jpg 800w, https:\/\/kool.cz\/wp-content\/uploads\/2021\/05\/img03-1024x682.jpg 1024w, https:\/\/kool.cz\/wp-content\/uploads\/2021\/05\/img03-1200x800.jpg 1200w, https:\/\/kool.cz\/wp-content\/uploads\/2021\/05\/img03.jpg 1280w\" sizes=\"(max-width: 1280px) 100vw, 1280px\" \/><\/a><\/div><\/div><\/div><div class=\"swiper-slide\"><div class=\"fusion-carousel-item-wrapper\"><div class=\"fusion-image-wrapper hover-type-zoomin\"><a data-rel=\"iLightbox[image_carousel_1]\" data-title=\"img04 (1)\" aria-label=\"img04 (1)\" href=\"http:\/\/kool.cz\/wp-content\/uploads\/2021\/05\/img04-1.jpg\" target=\"_self\"><img decoding=\"async\" width=\"1280\" height=\"853\" src=\"https:\/\/kool.cz\/wp-content\/uploads\/2021\/05\/img04-1.jpg\" class=\"attachment-full size-full\" alt=\"\" srcset=\"https:\/\/kool.cz\/wp-content\/uploads\/2021\/05\/img04-1-200x133.jpg 200w, https:\/\/kool.cz\/wp-content\/uploads\/2021\/05\/img04-1-300x200.jpg 300w, https:\/\/kool.cz\/wp-content\/uploads\/2021\/05\/img04-1-400x267.jpg 400w, https:\/\/kool.cz\/wp-content\/uploads\/2021\/05\/img04-1-600x400.jpg 600w, https:\/\/kool.cz\/wp-content\/uploads\/2021\/05\/img04-1-768x512.jpg 768w, https:\/\/kool.cz\/wp-content\/uploads\/2021\/05\/img04-1-800x533.jpg 800w, https:\/\/kool.cz\/wp-content\/uploads\/2021\/05\/img04-1-1024x682.jpg 1024w, https:\/\/kool.cz\/wp-content\/uploads\/2021\/05\/img04-1-1200x800.jpg 1200w, https:\/\/kool.cz\/wp-content\/uploads\/2021\/05\/img04-1.jpg 1280w\" sizes=\"(max-width: 1280px) 100vw, 1280px\" \/><\/a><\/div><\/div><\/div><\/div><div class=\"awb-swiper-button awb-swiper-button-prev\"><i class=\"awb-icon-angle-left\" aria-hidden=\"true\"><\/i><\/div><div class=\"awb-swiper-button awb-swiper-button-next\"><i class=\"awb-icon-angle-right\" aria-hidden=\"true\"><\/i><\/div><\/div><\/div><\/div><\/div><\/div><\/div><div class=\"fusion-fullwidth fullwidth-box fusion-builder-row-2 fusion-flex-container fusion-parallax-none cta nonhundred-percent-fullwidth non-hundred-percent-height-scrolling\" style=\"--awb-border-radius-top-left:0px;--awb-border-radius-top-right:0px;--awb-border-radius-bottom-right:0px;--awb-border-radius-bottom-left:0px;--awb-padding-top:100px;--awb-padding-bottom:100px;--awb-background-image:url(&quot;http:\/\/kool.cz\/wp-content\/uploads\/2021\/04\/cta-blue-box-scaled.jpg&quot;);--awb-background-size:cover;--awb-flex-wrap:wrap;\" ><div class=\"fusion-builder-row fusion-row fusion-flex-align-items-flex-start fusion-flex-content-wrap\" style=\"max-width:1248px;margin-left: calc(-4% \/ 2 );margin-right: calc(-4% \/ 2 );\"><div class=\"fusion-layout-column fusion_builder_column fusion-builder-column-2 fusion_builder_column_1_1 1_1 fusion-flex-column fusion-flex-align-self-center fusion-animated\" style=\"--awb-bg-size:cover;--awb-width-large:100%;--awb-margin-top-large:0px;--awb-spacing-right-large:1.92%;--awb-margin-bottom-large:20px;--awb-spacing-left-large:1.92%;--awb-width-medium:100%;--awb-order-medium:0;--awb-spacing-right-medium:1.92%;--awb-spacing-left-medium:1.92%;--awb-width-small:100%;--awb-order-small:0;--awb-spacing-right-small:1.92%;--awb-spacing-left-small:1.92%;\" data-animationType=\"fadeInLeft\" data-animationDuration=\"0.3\" data-animationOffset=\"top-into-view\"><div class=\"fusion-column-wrapper fusion-column-has-shadow fusion-flex-justify-content-center fusion-content-layout-column\"><div class=\"fusion-title title fusion-title-2 fusion-sep-none fusion-title-text fusion-title-size-two\" style=\"--awb-text-color:#ffffff;\"><h2 class=\"fusion-title-heading title-heading-left\" style=\"margin:0;\">Unsere Referenzen<\/h2><\/div><div class=\"fusion-text fusion-text-2\" style=\"--awb-text-color:#ffffff;\"><p>Sehen Sie sich die Beispiele unserer Arbeit im Referenzteil an.<\/p>\n<\/div><\/div><\/div><div class=\"fusion-layout-column fusion_builder_column fusion-builder-column-3 fusion_builder_column_1_1 1_1 fusion-flex-column fusion-flex-align-self-center fusion-animated\" style=\"--awb-bg-size:cover;--awb-width-large:100%;--awb-margin-top-large:0px;--awb-spacing-right-large:1.92%;--awb-margin-bottom-large:20px;--awb-spacing-left-large:1.92%;--awb-width-medium:100%;--awb-order-medium:0;--awb-spacing-right-medium:1.92%;--awb-spacing-left-medium:1.92%;--awb-width-small:100%;--awb-order-small:0;--awb-spacing-right-small:1.92%;--awb-spacing-left-small:1.92%;\" data-animationType=\"fadeInRight\" data-animationDuration=\"0.6\" data-animationOffset=\"top-into-view\"><div class=\"fusion-column-wrapper fusion-column-has-shadow fusion-flex-justify-content-center fusion-content-layout-column\"><div ><a class=\"fusion-button button-flat fusion-button-default-size button-default fusion-button-default button-1 fusion-button-default-span fusion-button-default-type\" target=\"_self\" href=\"\/de\/referenz\"><span class=\"fusion-button-text awb-button__text awb-button__text--default\">Referenz<\/span><\/a><\/div><\/div><\/div><\/div><\/div>\n<\/p>\n","protected":false},"excerpt":{"rendered":"","protected":false},"author":3,"featured_media":0,"parent":0,"menu_order":0,"comment_status":"closed","ping_status":"closed","template":"100-width.php","meta":{"footnotes":""},"class_list":["post-1364","page","type-page","status-publish","hentry"],"yoast_head":"<!-- This site is optimized with the Yoast SEO plugin v26.9 - https:\/\/yoast.com\/product\/yoast-seo-wordpress\/ -->\n<title>Service - KOOL TRADING, spol. s r.o.<\/title>\n<meta name=\"robots\" content=\"index, follow, max-snippet:-1, max-image-preview:large, max-video-preview:-1\" \/>\n<link rel=\"canonical\" href=\"https:\/\/kool.cz\/servis\/\" \/>\n<meta property=\"og:locale\" content=\"de_DE\" \/>\n<meta property=\"og:type\" content=\"article\" \/>\n<meta property=\"og:title\" content=\"Service - KOOL TRADING, spol. s r.o.\" \/>\n<meta property=\"og:url\" content=\"https:\/\/kool.cz\/servis\/\" \/>\n<meta property=\"og:site_name\" content=\"KOOL TRADING, spol. s r.o.\" \/>\n<meta property=\"article:modified_time\" content=\"2021-05-14T07:14:07+00:00\" \/>\n<meta name=\"twitter:card\" content=\"summary_large_image\" \/>\n<meta name=\"twitter:label1\" content=\"Gesch\u00e4tzte Lesezeit\" \/>\n\t<meta name=\"twitter:data1\" content=\"6\u00a0Minuten\" \/>\n<script type=\"application\/ld+json\" class=\"yoast-schema-graph\">{\"@context\":\"https:\/\/schema.org\",\"@graph\":[{\"@type\":\"WebPage\",\"@id\":\"https:\/\/kool.cz\/servis\/\",\"url\":\"https:\/\/kool.cz\/servis\/\",\"name\":\"Service - KOOL TRADING, spol. s r.o.\",\"isPartOf\":{\"@id\":\"https:\/\/kool.cz\/#website\"},\"datePublished\":\"2021-05-04T08:49:10+00:00\",\"dateModified\":\"2021-05-14T07:14:07+00:00\",\"inLanguage\":\"de\",\"potentialAction\":[{\"@type\":\"ReadAction\",\"target\":[\"https:\/\/kool.cz\/servis\/\"]}]},{\"@type\":\"WebSite\",\"@id\":\"https:\/\/kool.cz\/#website\",\"url\":\"https:\/\/kool.cz\/\",\"name\":\"KOOL TRADING, spol. s r.o.\",\"description\":\"Elitn\u00ed projektant a v\u00fdrobce \u00faprav\u00e1rensk\u00fdch linek a transportn\u00edch za\u0159\u00edzen\u00ed\",\"potentialAction\":[{\"@type\":\"SearchAction\",\"target\":{\"@type\":\"EntryPoint\",\"urlTemplate\":\"https:\/\/kool.cz\/?s={search_term_string}\"},\"query-input\":{\"@type\":\"PropertyValueSpecification\",\"valueRequired\":true,\"valueName\":\"search_term_string\"}}],\"inLanguage\":\"de\"}]}<\/script>\n<!-- \/ Yoast SEO plugin. -->","yoast_head_json":{"title":"Service - KOOL TRADING, spol. s r.o.","robots":{"index":"index","follow":"follow","max-snippet":"max-snippet:-1","max-image-preview":"max-image-preview:large","max-video-preview":"max-video-preview:-1"},"canonical":"https:\/\/kool.cz\/servis\/","og_locale":"de_DE","og_type":"article","og_title":"Service - KOOL TRADING, spol. s r.o.","og_url":"https:\/\/kool.cz\/servis\/","og_site_name":"KOOL TRADING, spol. s r.o.","article_modified_time":"2021-05-14T07:14:07+00:00","twitter_card":"summary_large_image","twitter_misc":{"Gesch\u00e4tzte Lesezeit":"6\u00a0Minuten"},"schema":{"@context":"https:\/\/schema.org","@graph":[{"@type":"WebPage","@id":"https:\/\/kool.cz\/servis\/","url":"https:\/\/kool.cz\/servis\/","name":"Service - KOOL TRADING, spol. s r.o.","isPartOf":{"@id":"https:\/\/kool.cz\/#website"},"datePublished":"2021-05-04T08:49:10+00:00","dateModified":"2021-05-14T07:14:07+00:00","inLanguage":"de","potentialAction":[{"@type":"ReadAction","target":["https:\/\/kool.cz\/servis\/"]}]},{"@type":"WebSite","@id":"https:\/\/kool.cz\/#website","url":"https:\/\/kool.cz\/","name":"KOOL TRADING, spol. s r.o.","description":"Elitn\u00ed projektant a v\u00fdrobce \u00faprav\u00e1rensk\u00fdch linek a transportn\u00edch za\u0159\u00edzen\u00ed","potentialAction":[{"@type":"SearchAction","target":{"@type":"EntryPoint","urlTemplate":"https:\/\/kool.cz\/?s={search_term_string}"},"query-input":{"@type":"PropertyValueSpecification","valueRequired":true,"valueName":"search_term_string"}}],"inLanguage":"de"}]}},"_links":{"self":[{"href":"https:\/\/kool.cz\/de\/wp-json\/wp\/v2\/pages\/1364","targetHints":{"allow":["GET"]}}],"collection":[{"href":"https:\/\/kool.cz\/de\/wp-json\/wp\/v2\/pages"}],"about":[{"href":"https:\/\/kool.cz\/de\/wp-json\/wp\/v2\/types\/page"}],"author":[{"embeddable":true,"href":"https:\/\/kool.cz\/de\/wp-json\/wp\/v2\/users\/3"}],"replies":[{"embeddable":true,"href":"https:\/\/kool.cz\/de\/wp-json\/wp\/v2\/comments?post=1364"}],"version-history":[{"count":2,"href":"https:\/\/kool.cz\/de\/wp-json\/wp\/v2\/pages\/1364\/revisions"}],"predecessor-version":[{"id":1366,"href":"https:\/\/kool.cz\/de\/wp-json\/wp\/v2\/pages\/1364\/revisions\/1366"}],"wp:attachment":[{"href":"https:\/\/kool.cz\/de\/wp-json\/wp\/v2\/media?parent=1364"}],"curies":[{"name":"wp","href":"https:\/\/api.w.org\/{rel}","templated":true}]}}