{"id":1577,"date":"2021-05-25T10:45:51","date_gmt":"2021-05-25T08:45:51","guid":{"rendered":"http:\/\/kool.cz\/rozvoj-firmy-dotace\/"},"modified":"2021-05-25T11:00:21","modified_gmt":"2021-05-25T09:00:21","slug":"%d0%b5%d0%b2%d1%80%d0%be%d0%bf%d0%b5%d0%b9%d1%81%d0%ba%d0%b8-%d0%bf%d1%80%d0%be%d0%b3%d1%80%d0%b0%d0%bc%d0%b8","status":"publish","type":"page","link":"https:\/\/kool.cz\/bg\/%d0%b5%d0%b2%d1%80%d0%be%d0%bf%d0%b5%d0%b9%d1%81%d0%ba%d0%b8-%d0%bf%d1%80%d0%be%d0%b3%d1%80%d0%b0%d0%bc%d0%b8\/","title":{"rendered":"\u0415\u0432\u0440\u043e\u043f\u0435\u0439\u0441\u043a\u0438 \u043f\u0440\u043e\u0433\u0440\u0430\u043c\u0438"},"content":{"rendered":"<div class=\"fusion-fullwidth fullwidth-box fusion-builder-row-1 fusion-flex-container nonhundred-percent-fullwidth non-hundred-percent-height-scrolling\" style=\"--awb-border-radius-top-left:0px;--awb-border-radius-top-right:0px;--awb-border-radius-bottom-right:0px;--awb-border-radius-bottom-left:0px;--awb-flex-wrap:wrap;\" ><div class=\"fusion-builder-row fusion-row fusion-flex-align-items-center fusion-flex-justify-content-center fusion-flex-content-wrap\" style=\"max-width:1248px;margin-left: calc(-4% \/ 2 );margin-right: calc(-4% \/ 2 );\"><div class=\"fusion-layout-column fusion_builder_column fusion-builder-column-0 fusion_builder_column_1_1 1_1 fusion-flex-column\" style=\"--awb-bg-size:cover;--awb-width-large:100%;--awb-margin-top-large:0px;--awb-spacing-right-large:1.92%;--awb-margin-bottom-large:20px;--awb-spacing-left-large:1.92%;--awb-width-medium:100%;--awb-order-medium:0;--awb-spacing-right-medium:1.92%;--awb-spacing-left-medium:1.92%;--awb-width-small:100%;--awb-order-small:0;--awb-spacing-right-small:1.92%;--awb-spacing-left-small:1.92%;\"><div class=\"fusion-column-wrapper fusion-column-has-shadow fusion-flex-justify-content-flex-start fusion-content-layout-column\"><div class=\"fusion-text fusion-text-1\"><p>\u041e\u0431\u044f\u0432\u043b\u0435\u043d\u0438\u0435 \u0437\u0430 \u0421\u041a\u041b\u042e\u0427\u0415\u041d \u0414\u041e\u0413\u041e\u0412\u041e\u0420 \u0417\u0410 \u0411\u0415\u0417\u0412\u042a\u0417\u041c\u0415\u0417\u0414\u041d\u0410 \u0424\u0418\u041d\u0410\u041d\u0421\u041e\u0412\u0410 \u041f\u041e\u041c\u041e\u0429 \u0421 \u041c\u0418\u041d\u0418\u0421\u0422\u0415\u0420\u0421\u0422\u0412\u041e \u041d\u0410 \u0418\u041a\u041e\u041d\u041e\u041c\u0418\u041a\u0410\u0422\u0410 \u043f\u043e \u201c\u0415\u0432\u0440\u043e\u043f\u0435\u0439\u0441\u043a\u0438 \u0444\u043e\u043d\u0434\u043e\u0432\u0435 \u0437\u0430 \u043a\u043e\u043d\u043a\u0443\u0440\u0435\u043d\u0442\u043e\u0441\u043f\u043e\u0441\u043e\u0431\u043d\u043e\u0441\u0442\u201c \u0430\u0434\u043c\u0438\u043d\u0438\u0441\u0442\u0440\u0430\u0442\u0438\u0432\u0435\u043d \u0434\u043e\u0433\u043e\u0432\u043e\u0440 \u0437\u0430 \u0431\u0435\u0437\u0432\u044a\u0437\u043c\u0435\u0437\u0434\u043d\u0430 \u0444\u0438\u043d\u0430\u043d\u0441\u043e\u0432\u0430 \u043f\u043e\u043c\u043e\u0449 \u2116 BG16RFOP002-2.077-0514-C01 \u0437\u0430 \u043f\u0440\u043e\u0435\u043a\u0442 \u201e\u041f\u043e\u0434\u043a\u0440\u0435\u043f\u0430 \u0437\u0430 \u0441\u0440\u0435\u0434\u043d\u0438 \u043f\u0440\u0435\u0434\u043f\u0440\u0438\u044f\u0442\u0438\u044f \u0437\u0430 \u043f\u0440\u0435\u043e\u0434\u043e\u043b\u044f\u0432\u0430\u043d\u0435 \u043d\u0430 \u0438\u043a\u043e\u043d\u043e\u043c\u0438\u0447\u0435\u0441\u043a\u0438\u0442\u0435 \u043f\u043e\u0441\u043b\u0435\u0434\u0441\u0442\u0432\u0438\u044f \u043e\u0442 \u043f\u0430\u043d\u0434\u0435\u043c\u0438\u044f\u0442\u0430 COVID-19\u201d<\/p>\n<\/div><\/div><\/div><div class=\"fusion-layout-column fusion_builder_column fusion-builder-column-1 fusion_builder_column_2_3 2_3 fusion-flex-column\" style=\"--awb-bg-size:cover;--awb-width-large:66.666666666667%;--awb-margin-top-large:0px;--awb-spacing-right-large:2.88%;--awb-margin-bottom-large:20px;--awb-spacing-left-large:2.88%;--awb-width-medium:66.666666666667%;--awb-order-medium:0;--awb-spacing-right-medium:2.88%;--awb-spacing-left-medium:2.88%;--awb-width-small:100%;--awb-order-small:0;--awb-spacing-right-small:1.92%;--awb-spacing-left-small:1.92%;\"><div class=\"fusion-column-wrapper fusion-column-has-shadow fusion-flex-justify-content-flex-start fusion-content-layout-column\"><div class=\"fusion-image-element \" style=\"text-align:center;--awb-caption-title-font-family:var(--h2_typography-font-family);--awb-caption-title-font-weight:var(--h2_typography-font-weight);--awb-caption-title-font-style:var(--h2_typography-font-style);--awb-caption-title-size:var(--h2_typography-font-size);--awb-caption-title-transform:var(--h2_typography-text-transform);--awb-caption-title-line-height:var(--h2_typography-line-height);--awb-caption-title-letter-spacing:var(--h2_typography-letter-spacing);\"><span class=\" fusion-imageframe imageframe-none imageframe-1 hover-type-zoomin\" style=\"border:1px solid #f2f2f2;\"><a class=\"fusion-no-lightbox\" href=\"\/wp-content\/uploads\/2021\/05\/BulharskoDotace.pdf\" target=\"_blank\" aria-label=\"BulharskoDotace\" rel=\"noopener noreferrer\"><img decoding=\"async\" width=\"1000\" height=\"1294\" src=\"https:\/\/kool.cz\/wp-content\/uploads\/2021\/05\/BulharskoDotace.jpg\" alt class=\"img-responsive wp-image-1578\" srcset=\"https:\/\/kool.cz\/wp-content\/uploads\/2021\/05\/BulharskoDotace-200x259.jpg 200w, https:\/\/kool.cz\/wp-content\/uploads\/2021\/05\/BulharskoDotace-400x518.jpg 400w, https:\/\/kool.cz\/wp-content\/uploads\/2021\/05\/BulharskoDotace-600x776.jpg 600w, https:\/\/kool.cz\/wp-content\/uploads\/2021\/05\/BulharskoDotace-800x1035.jpg 800w, https:\/\/kool.cz\/wp-content\/uploads\/2021\/05\/BulharskoDotace.jpg 1000w\" sizes=\"(max-width: 640px) 100vw, 800px\" \/><\/a><\/span><\/div><\/div><\/div><\/div><\/div>\n","protected":false},"excerpt":{"rendered":"","protected":false},"author":3,"featured_media":0,"parent":0,"menu_order":0,"comment_status":"closed","ping_status":"closed","template":"","meta":{"footnotes":""},"class_list":["post-1577","page","type-page","status-publish","hentry"],"yoast_head":"<!-- This site is optimized with the Yoast SEO plugin v26.9 - https:\/\/yoast.com\/product\/yoast-seo-wordpress\/ -->\n<title>\u0415\u0432\u0440\u043e\u043f\u0435\u0439\u0441\u043a\u0438 \u043f\u0440\u043e\u0433\u0440\u0430\u043c\u0438 - KOOL TRADING, spol. s r.o.<\/title>\n<meta name=\"robots\" content=\"index, follow, max-snippet:-1, max-image-preview:large, max-video-preview:-1\" \/>\n<link rel=\"canonical\" href=\"https:\/\/kool.cz\/bg\/\u0435\u0432\u0440\u043e\u043f\u0435\u0439\u0441\u043a\u0438-\u043f\u0440\u043e\u0433\u0440\u0430\u043c\u0438\/\" \/>\n<meta property=\"og:locale\" content=\"bg_BG\" \/>\n<meta property=\"og:type\" content=\"article\" \/>\n<meta property=\"og:title\" content=\"\u0415\u0432\u0440\u043e\u043f\u0435\u0439\u0441\u043a\u0438 \u043f\u0440\u043e\u0433\u0440\u0430\u043c\u0438 - KOOL TRADING, spol. s r.o.\" \/>\n<meta property=\"og:url\" content=\"https:\/\/kool.cz\/bg\/\u0435\u0432\u0440\u043e\u043f\u0435\u0439\u0441\u043a\u0438-\u043f\u0440\u043e\u0433\u0440\u0430\u043c\u0438\/\" \/>\n<meta property=\"og:site_name\" content=\"KOOL TRADING, spol. s r.o.\" \/>\n<meta property=\"article:modified_time\" content=\"2021-05-25T09:00:21+00:00\" \/>\n<meta name=\"twitter:card\" content=\"summary_large_image\" \/>\n<meta name=\"twitter:label1\" content=\"Est. reading time\" \/>\n\t<meta name=\"twitter:data1\" content=\"5 \u043c\u0438\u043d\u0443\u0442\u0438\" \/>\n<script type=\"application\/ld+json\" class=\"yoast-schema-graph\">{\"@context\":\"https:\/\/schema.org\",\"@graph\":[{\"@type\":\"WebPage\",\"@id\":\"https:\/\/kool.cz\/bg\/%d0%b5%d0%b2%d1%80%d0%be%d0%bf%d0%b5%d0%b9%d1%81%d0%ba%d0%b8-%d0%bf%d1%80%d0%be%d0%b3%d1%80%d0%b0%d0%bc%d0%b8\/\",\"url\":\"https:\/\/kool.cz\/bg\/%d0%b5%d0%b2%d1%80%d0%be%d0%bf%d0%b5%d0%b9%d1%81%d0%ba%d0%b8-%d0%bf%d1%80%d0%be%d0%b3%d1%80%d0%b0%d0%bc%d0%b8\/\",\"name\":\"\u0415\u0432\u0440\u043e\u043f\u0435\u0439\u0441\u043a\u0438 \u043f\u0440\u043e\u0433\u0440\u0430\u043c\u0438 - KOOL TRADING, spol. s r.o.\",\"isPartOf\":{\"@id\":\"https:\/\/kool.cz\/#website\"},\"datePublished\":\"2021-05-25T08:45:51+00:00\",\"dateModified\":\"2021-05-25T09:00:21+00:00\",\"inLanguage\":\"bg-BG\",\"potentialAction\":[{\"@type\":\"ReadAction\",\"target\":[\"https:\/\/kool.cz\/bg\/%d0%b5%d0%b2%d1%80%d0%be%d0%bf%d0%b5%d0%b9%d1%81%d0%ba%d0%b8-%d0%bf%d1%80%d0%be%d0%b3%d1%80%d0%b0%d0%bc%d0%b8\/\"]}]},{\"@type\":\"WebSite\",\"@id\":\"https:\/\/kool.cz\/#website\",\"url\":\"https:\/\/kool.cz\/\",\"name\":\"KOOL TRADING, spol. s r.o.\",\"description\":\"Elitn\u00ed projektant a v\u00fdrobce \u00faprav\u00e1rensk\u00fdch linek a transportn\u00edch za\u0159\u00edzen\u00ed\",\"potentialAction\":[{\"@type\":\"SearchAction\",\"target\":{\"@type\":\"EntryPoint\",\"urlTemplate\":\"https:\/\/kool.cz\/?s={search_term_string}\"},\"query-input\":{\"@type\":\"PropertyValueSpecification\",\"valueRequired\":true,\"valueName\":\"search_term_string\"}}],\"inLanguage\":\"bg-BG\"}]}<\/script>\n<!-- \/ Yoast SEO plugin. -->","yoast_head_json":{"title":"\u0415\u0432\u0440\u043e\u043f\u0435\u0439\u0441\u043a\u0438 \u043f\u0440\u043e\u0433\u0440\u0430\u043c\u0438 - KOOL TRADING, spol. s r.o.","robots":{"index":"index","follow":"follow","max-snippet":"max-snippet:-1","max-image-preview":"max-image-preview:large","max-video-preview":"max-video-preview:-1"},"canonical":"https:\/\/kool.cz\/bg\/\u0435\u0432\u0440\u043e\u043f\u0435\u0439\u0441\u043a\u0438-\u043f\u0440\u043e\u0433\u0440\u0430\u043c\u0438\/","og_locale":"bg_BG","og_type":"article","og_title":"\u0415\u0432\u0440\u043e\u043f\u0435\u0439\u0441\u043a\u0438 \u043f\u0440\u043e\u0433\u0440\u0430\u043c\u0438 - KOOL TRADING, spol. s r.o.","og_url":"https:\/\/kool.cz\/bg\/\u0435\u0432\u0440\u043e\u043f\u0435\u0439\u0441\u043a\u0438-\u043f\u0440\u043e\u0433\u0440\u0430\u043c\u0438\/","og_site_name":"KOOL TRADING, spol. s r.o.","article_modified_time":"2021-05-25T09:00:21+00:00","twitter_card":"summary_large_image","twitter_misc":{"Est. reading time":"5 \u043c\u0438\u043d\u0443\u0442\u0438"},"schema":{"@context":"https:\/\/schema.org","@graph":[{"@type":"WebPage","@id":"https:\/\/kool.cz\/bg\/%d0%b5%d0%b2%d1%80%d0%be%d0%bf%d0%b5%d0%b9%d1%81%d0%ba%d0%b8-%d0%bf%d1%80%d0%be%d0%b3%d1%80%d0%b0%d0%bc%d0%b8\/","url":"https:\/\/kool.cz\/bg\/%d0%b5%d0%b2%d1%80%d0%be%d0%bf%d0%b5%d0%b9%d1%81%d0%ba%d0%b8-%d0%bf%d1%80%d0%be%d0%b3%d1%80%d0%b0%d0%bc%d0%b8\/","name":"\u0415\u0432\u0440\u043e\u043f\u0435\u0439\u0441\u043a\u0438 \u043f\u0440\u043e\u0433\u0440\u0430\u043c\u0438 - KOOL TRADING, spol. s r.o.","isPartOf":{"@id":"https:\/\/kool.cz\/#website"},"datePublished":"2021-05-25T08:45:51+00:00","dateModified":"2021-05-25T09:00:21+00:00","inLanguage":"bg-BG","potentialAction":[{"@type":"ReadAction","target":["https:\/\/kool.cz\/bg\/%d0%b5%d0%b2%d1%80%d0%be%d0%bf%d0%b5%d0%b9%d1%81%d0%ba%d0%b8-%d0%bf%d1%80%d0%be%d0%b3%d1%80%d0%b0%d0%bc%d0%b8\/"]}]},{"@type":"WebSite","@id":"https:\/\/kool.cz\/#website","url":"https:\/\/kool.cz\/","name":"KOOL TRADING, spol. s r.o.","description":"Elitn\u00ed projektant a v\u00fdrobce \u00faprav\u00e1rensk\u00fdch linek a transportn\u00edch za\u0159\u00edzen\u00ed","potentialAction":[{"@type":"SearchAction","target":{"@type":"EntryPoint","urlTemplate":"https:\/\/kool.cz\/?s={search_term_string}"},"query-input":{"@type":"PropertyValueSpecification","valueRequired":true,"valueName":"search_term_string"}}],"inLanguage":"bg-BG"}]}},"_links":{"self":[{"href":"https:\/\/kool.cz\/bg\/wp-json\/wp\/v2\/pages\/1577","targetHints":{"allow":["GET"]}}],"collection":[{"href":"https:\/\/kool.cz\/bg\/wp-json\/wp\/v2\/pages"}],"about":[{"href":"https:\/\/kool.cz\/bg\/wp-json\/wp\/v2\/types\/page"}],"author":[{"embeddable":true,"href":"https:\/\/kool.cz\/bg\/wp-json\/wp\/v2\/users\/3"}],"replies":[{"embeddable":true,"href":"https:\/\/kool.cz\/bg\/wp-json\/wp\/v2\/comments?post=1577"}],"version-history":[{"count":8,"href":"https:\/\/kool.cz\/bg\/wp-json\/wp\/v2\/pages\/1577\/revisions"}],"predecessor-version":[{"id":1590,"href":"https:\/\/kool.cz\/bg\/wp-json\/wp\/v2\/pages\/1577\/revisions\/1590"}],"wp:attachment":[{"href":"https:\/\/kool.cz\/bg\/wp-json\/wp\/v2\/media?parent=1577"}],"curies":[{"name":"wp","href":"https:\/\/api.w.org\/{rel}","templated":true}]}}