{"id":1445,"date":"2021-05-04T10:49:10","date_gmt":"2021-05-04T08:49:10","guid":{"rendered":"http:\/\/kool.cz\/servis\/"},"modified":"2021-05-14T10:50:52","modified_gmt":"2021-05-14T08:50:52","slug":"%d1%81%d0%b5%d1%80%d0%b2%d0%b8%d0%b7","status":"publish","type":"page","link":"https:\/\/kool.cz\/bg\/%d1%81%d0%b5%d1%80%d0%b2%d0%b8%d0%b7\/","title":{"rendered":"\u0421\u0435\u0440\u0432\u0438\u0437"},"content":{"rendered":"<p><div class=\"fusion-fullwidth fullwidth-box fusion-builder-row-1 fusion-flex-container nonhundred-percent-fullwidth non-hundred-percent-height-scrolling\" style=\"--awb-border-radius-top-left:0px;--awb-border-radius-top-right:0px;--awb-border-radius-bottom-right:0px;--awb-border-radius-bottom-left:0px;--awb-padding-top:100px;--awb-padding-bottom:100px;--awb-background-color:#f4f4f4;--awb-flex-wrap:wrap;\" id=\"drtici-a-tridici-linky\" ><div class=\"fusion-builder-row fusion-row fusion-flex-align-items-flex-start fusion-flex-justify-content-space-between fusion-flex-content-wrap\" style=\"max-width:1248px;margin-left: calc(-4% \/ 2 );margin-right: calc(-4% \/ 2 );\"><div class=\"fusion-layout-column fusion_builder_column fusion-builder-column-0 fusion_builder_column_1_2 1_2 fusion-flex-column fusion-flex-align-self-center fusion-animated\" style=\"--awb-bg-size:cover;--awb-width-large:50%;--awb-margin-top-large:0px;--awb-spacing-right-large:3.84%;--awb-margin-bottom-large:20px;--awb-spacing-left-large:3.84%;--awb-width-medium:50%;--awb-order-medium:0;--awb-spacing-right-medium:3.84%;--awb-spacing-left-medium:3.84%;--awb-width-small:100%;--awb-order-small:0;--awb-spacing-right-small:1.92%;--awb-spacing-left-small:1.92%;\" data-animationType=\"fadeInLeft\" data-animationDuration=\"0.6\" data-animationOffset=\"top-into-view\"><div class=\"fusion-column-wrapper fusion-column-has-shadow fusion-flex-justify-content-center fusion-content-layout-column\"><div class=\"fusion-title title fusion-title-1 fusion-sep-none fusion-title-text fusion-title-size-two\"><h2 class=\"fusion-title-heading title-heading-left\" style=\"margin:0;\">\u041f\u0440\u0435\u0434\u043b\u0430\u0433\u0430\u043c\u0435 \u0438 \u0438\u0437\u0432\u044a\u0440\u0448\u0432\u0430\u043c\u0435:<\/h2><\/div><div class=\"fusion-text fusion-text-1\"><ul>\n<li>\u0440\u0435\u0434\u043e\u0432\u0435\u043d \u0433\u0430\u0440\u0430\u043d\u0446\u0438\u043e\u043d\u0435\u043d \u0438 \u0441\u043b\u0435\u0434\u0433\u0430\u0440\u0430\u043d\u0446\u0438\u043e\u043d\u0435\u043d \u0441\u0435\u0440\u0432\u0438\u0437 \u043d\u0430 \u043d\u0430\u0448\u0438\u0442\u0435 \u0434\u043e\u0441\u0442\u0430\u0432\u043a\u0438<\/li>\n<li>\u043f\u043e\u0432\u0442\u043e\u0440\u043d\u0430 \u0443\u043f\u043e\u0442\u0440\u0435\u0431\u0430 \u043d\u0430 \u0438\u0437\u043f\u043e\u043b\u0437\u0432\u0430\u043d\u0438\u0442\u0435 \u0442\u0435\u0445\u043d\u043e\u043b\u043e\u0433\u0438\u0447\u043d\u0438 \u0443\u0441\u0442\u0440\u043e\u0439\u0441\u0442\u0432\u0430 (\u043e\u0442\u0434\u0435\u043b\u043d\u0438 \u0442\u0440\u0430\u043d\u0441\u043f\u043e\u0440\u0442\u044c\u043e\u0440\u0438, \u043f\u043e\u0434\u0430\u0432\u0430\u0442\u0435\u043b\u0438, \u0434\u043e\u0437\u0430\u0442\u043e\u0440\u0438, \u0441\u0442\u043e\u043c\u0430\u043d\u0435\u043d\u0438 \u043a\u043e\u043d\u0441\u0442\u0440\u0443\u043a\u0446\u0438\u0438, \u0443\u0441\u0442\u0440\u043e\u0439\u0441\u0442\u0432\u0430 \u0437\u0430 \u043d\u0430\u0441\u0438\u043f\u0432\u0430\u043d\u0435 \u0438 \u0434\u0440. \u043f\u043e\u0434. \u0438 \u0446\u0435\u043b\u0438 \u0442\u0435\u0445\u043d\u043e\u043b\u043e\u0433\u0438\u0447\u043d\u0438 \u0435\u0434\u0438\u043d\u0438\u0446\u0438)<\/li>\n<li>\u043f\u0440\u043e\u0444\u0438\u043b\u0430\u043a\u0442\u0438\u0447\u043d\u0438 \u043f\u0440\u0435\u0433\u043b\u0435\u0434\u0438 \u043d\u0430 \u0442\u0440\u0430\u043d\u0441\u043f\u043e\u0440\u0442\u043d\u0438\u0442\u0435 \u043f\u044a\u0442\u0438\u0449\u0430 \u0438 \u0442\u0435\u0445\u043d\u043e\u043b\u043e\u0433\u0438\u0447\u043d\u0438\u0442\u0435 \u043b\u0438\u043d\u0438\u0438 \u0437\u0430 \u043e\u0431\u0440\u0430\u0431\u043e\u0442\u043a\u0430 \u043d\u0430 \u0438\u043d\u0435\u0440\u0442\u043d\u0438 \u043c\u0430\u0442\u0435\u0440\u0438\u0430\u043b\u0438 \u043e\u0442 \u0433\u043b\u0435\u0434\u043d\u0430 \u0442\u043e\u0447\u043a\u0430 \u043d\u0430 \u0431\u0435\u0437\u043e\u043f\u0430\u0441\u043d\u043e\u0441\u0442\u0442\u0430, \u0442\u0435\u0445\u043d\u0438\u0447\u0435\u0441\u043a\u043e\u0442\u043e \u043e\u0431\u0441\u043b\u0443\u0436\u0432\u0430\u043d\u0435 \u0438 \u0434\u0438\u0430\u0433\u043d\u043e\u0441\u0442\u0438\u043a\u0430 \u043d\u0430 \u043f\u043e\u0432\u0440\u0435\u0434\u0438\u0442\u0435<\/li>\n<li>\u0431\u043e\u0433\u0430\u0442 \u0430\u0441\u043e\u0440\u0442\u0438\u043c\u0435\u043d\u0442 \u043e\u0442 \u0440\u0435\u0437\u0435\u0440\u0432\u043d\u0438 \u0447\u0430\u0441\u0442\u0438 \u0437\u0430 \u043b\u0435\u043d\u0442\u043e\u0432\u0438 \u0442\u0440\u0430\u043d\u0441\u043f\u043e\u0440\u0442\u044c\u043e\u0440\u0438<\/li>\n<li>\u0434\u043e\u0441\u0442\u0430\u0432\u043a\u0430 \u0438 \u0438\u043d\u0441\u0442\u0430\u043b\u0438\u0440\u0430\u043d\u0435 \u043d\u0430 \u043d\u043e\u0436\u043e\u0432\u0438 \u0447\u0438\u0441\u0442\u0430\u0447\u0438 \u0441\u044a\u0441 \u0441\u043e\u0431\u0441\u0442\u0432\u0435\u043d\u0430 \u043a\u043e\u043d\u0441\u0442\u0440\u0443\u043a\u0446\u0438\u044f<\/li>\n<li>\u043f\u043e\u043a\u0440\u0438\u0432\u0430\u043d\u0435 \u0441 \u0433\u0443\u043c\u0430 \u043d\u0430 \u0437\u0430\u0434\u0432\u0438\u0436\u0432\u0430\u0449\u0438\u0442\u0435 \u0438 \u043f\u0440\u0435\u0434\u0430\u0432\u0430\u0449\u0438\u0442\u0435 \u0432\u0430\u043b\u043e\u0432\u0435 \u043d\u0430 \u0442\u0440\u0430\u043d\u0441\u043f\u043e\u0440\u0442\u044c\u043e\u0440\u0438\u0442\u0435<\/li>\n<li>\u0434\u043e\u0441\u0442\u0430\u0432\u043a\u0430 \u0438 \u0438\u043d\u0441\u0442\u0430\u043b\u0438\u0440\u0430\u043d\u0435 \u043d\u0430 \u043f\u043e\u043a\u0440\u0438\u0442\u0438\u044f \u0437\u0430 \u0442\u0440\u0430\u043d\u0441\u043f\u043e\u0440\u0442\u043d\u0438 \u043f\u044a\u0442\u0438\u0449\u0430 \u0447\u0440\u0435\u0437 \u043f\u043e\u043a\u0440\u0438\u0442\u0438\u044f \u043e\u0442 \u043f\u043e\u0446\u0438\u043d\u043a\u043e\u0432\u0430\u043d\u0430 \u0441\u0442\u043e\u043c\u0430\u043d\u0435\u043d\u0430 \u0432\u044a\u043b\u043d\u043e\u043e\u0431\u0440\u0430\u0437\u043d\u0430 \u043b\u0430\u043c\u0430\u0440\u0438\u043d\u0430 CAPOTEX, \u0432\u043a\u043b\u044e\u0447\u0438\u0442\u0435\u043b\u043d\u043e \u0443\u043f\u043b\u044a\u0442\u043d\u0435\u043d\u0438\u044f \u043d\u0430 \u043f\u0440\u0435\u0441\u0438\u043f\u0432\u0430\u0449\u0438\u0442\u0435 \u0432\u044a\u0437\u043b\u0438<\/li>\n<li>\u0434\u043e\u0441\u0442\u0430\u0432\u043a\u0430 \u0438 \u0438\u043d\u0441\u0442\u0430\u043b\u0438\u0440\u0430\u043d\u0435 \u043d\u0430 \u0442\u0443\u043d\u0435\u043b\u0438 \u0438 \u0440\u0435\u0437\u0435\u0440\u0432\u043e\u0430\u0440\u0438 \u043e\u0442 \u043f\u043e\u0446\u0438\u043d\u043a\u043e\u0432\u0430\u043d\u0430 \u0441\u0442\u043e\u043c\u0430\u043d\u0435\u043d\u0430 \u0432\u044a\u043b\u043d\u043e\u043e\u0431\u0440\u0430\u0437\u043d\u0430 \u043b\u0430\u043c\u0430\u0440\u0438\u043d\u0430 HAMCO<\/li>\n<li>\u043e\u0431\u043b\u0438\u0446\u043e\u0432\u0430\u043d\u0435 \u043d\u0430 \u0443\u043b\u0435\u0438\u0442\u0435 \u0437\u0430 \u043c\u0430\u0442\u0435\u0440\u0438\u0430\u043b\u0430 \u0441 \u0438\u0437\u043d\u043e\u0441\u043e\u0443\u0441\u0442\u043e\u0439\u0447\u0438\u0432\u0438 \u043b\u0430\u043c\u0430\u0440\u0438\u043d\u0438 THYSSEN XAR, HARDOX, \u0438\u043b\u0438 \u0441 \u0433\u0443\u043c\u0435\u043d\u0438 \u043f\u043e\u0434\u043c\u0435\u043d\u044f\u0449\u0438 \u0441\u0435 \u0441\u0435\u0433\u043c\u0435\u043d\u0442\u0438<\/li>\n<\/ul>\n<\/div><\/div><\/div><div class=\"fusion-layout-column fusion_builder_column fusion-builder-column-1 fusion_builder_column_1_2 1_2 fusion-flex-column fusion-flex-align-self-center fusion-animated\" style=\"--awb-bg-size:cover;--awb-width-large:50%;--awb-margin-top-large:0px;--awb-spacing-right-large:3.84%;--awb-margin-bottom-large:20px;--awb-spacing-left-large:3.84%;--awb-width-medium:50%;--awb-order-medium:0;--awb-spacing-right-medium:3.84%;--awb-spacing-left-medium:3.84%;--awb-width-small:100%;--awb-order-small:0;--awb-spacing-right-small:1.92%;--awb-spacing-left-small:1.92%;\" data-animationType=\"fadeInRight\" data-animationDuration=\"0.3\" data-animationOffset=\"top-into-view\"><div class=\"fusion-column-wrapper fusion-column-has-shadow fusion-flex-justify-content-center fusion-content-layout-column\"><div class=\"fusion-image-carousel fusion-image-carousel-auto fusion-image-carousel-1 lightbox-enabled\"><div class=\"awb-carousel awb-swiper awb-swiper-carousel awb-carousel--carousel awb-swiper-dots-position-bottom\" data-layout=\"carousel\" data-autoplay=\"yes\" data-autoplayspeed=\"2500\" data-autoplaypause=\"no\" data-columns=\"1\" data-columnsmedium=\"1\" data-columnssmall=\"1\" data-itemmargin=\"20\" data-itemwidth=\"180\" data-touchscroll=\"no\" data-freemode=\"no\" data-imagesize=\"auto\" data-scrollitems=\"1\" data-centeredslides=\"no\" data-rotationangle=\"50\" data-depth=\"100\" data-speed=\"500\" data-shadow=\"no\" data-pagination=\"bullets\" style=\"--awb-columns:1;--awb-column-spacing:20px;\"><div class=\"swiper-wrapper awb-image-carousel-wrapper fusion-flex-align-items-center\"><div class=\"swiper-slide\"><div class=\"fusion-carousel-item-wrapper\"><div class=\"fusion-image-wrapper hover-type-zoomin\"><a data-rel=\"iLightbox[image_carousel_1]\" data-title=\"img01\" aria-label=\"img01\" href=\"http:\/\/kool.cz\/wp-content\/uploads\/2021\/05\/img01.jpg\" target=\"_self\"><img decoding=\"async\" width=\"1280\" height=\"853\" src=\"https:\/\/kool.cz\/wp-content\/uploads\/2021\/05\/img01.jpg\" class=\"attachment-full size-full\" alt=\"\" srcset=\"https:\/\/kool.cz\/wp-content\/uploads\/2021\/05\/img01-200x133.jpg 200w, https:\/\/kool.cz\/wp-content\/uploads\/2021\/05\/img01-300x200.jpg 300w, https:\/\/kool.cz\/wp-content\/uploads\/2021\/05\/img01-400x267.jpg 400w, https:\/\/kool.cz\/wp-content\/uploads\/2021\/05\/img01-600x400.jpg 600w, https:\/\/kool.cz\/wp-content\/uploads\/2021\/05\/img01-768x512.jpg 768w, https:\/\/kool.cz\/wp-content\/uploads\/2021\/05\/img01-800x533.jpg 800w, https:\/\/kool.cz\/wp-content\/uploads\/2021\/05\/img01-1024x682.jpg 1024w, https:\/\/kool.cz\/wp-content\/uploads\/2021\/05\/img01-1200x800.jpg 1200w, https:\/\/kool.cz\/wp-content\/uploads\/2021\/05\/img01.jpg 1280w\" sizes=\"(max-width: 1280px) 100vw, 1280px\" \/><\/a><\/div><\/div><\/div><div class=\"swiper-slide\"><div class=\"fusion-carousel-item-wrapper\"><div class=\"fusion-image-wrapper hover-type-zoomin\"><a data-rel=\"iLightbox[image_carousel_1]\" data-title=\"img02 (1)\" aria-label=\"img02 (1)\" href=\"http:\/\/kool.cz\/wp-content\/uploads\/2021\/05\/img02-1.jpg\" target=\"_self\"><img decoding=\"async\" width=\"1280\" height=\"853\" src=\"https:\/\/kool.cz\/wp-content\/uploads\/2021\/05\/img02-1.jpg\" class=\"attachment-full size-full\" alt=\"\" srcset=\"https:\/\/kool.cz\/wp-content\/uploads\/2021\/05\/img02-1-200x133.jpg 200w, https:\/\/kool.cz\/wp-content\/uploads\/2021\/05\/img02-1-300x200.jpg 300w, https:\/\/kool.cz\/wp-content\/uploads\/2021\/05\/img02-1-400x267.jpg 400w, https:\/\/kool.cz\/wp-content\/uploads\/2021\/05\/img02-1-600x400.jpg 600w, https:\/\/kool.cz\/wp-content\/uploads\/2021\/05\/img02-1-768x512.jpg 768w, https:\/\/kool.cz\/wp-content\/uploads\/2021\/05\/img02-1-800x533.jpg 800w, https:\/\/kool.cz\/wp-content\/uploads\/2021\/05\/img02-1-1024x682.jpg 1024w, https:\/\/kool.cz\/wp-content\/uploads\/2021\/05\/img02-1-1200x800.jpg 1200w, https:\/\/kool.cz\/wp-content\/uploads\/2021\/05\/img02-1.jpg 1280w\" sizes=\"(max-width: 1280px) 100vw, 1280px\" \/><\/a><\/div><\/div><\/div><div class=\"swiper-slide\"><div class=\"fusion-carousel-item-wrapper\"><div class=\"fusion-image-wrapper hover-type-zoomin\"><a data-rel=\"iLightbox[image_carousel_1]\" data-title=\"img03\" aria-label=\"img03\" href=\"http:\/\/kool.cz\/wp-content\/uploads\/2021\/05\/img03.jpg\" target=\"_self\"><img decoding=\"async\" width=\"1280\" height=\"853\" src=\"https:\/\/kool.cz\/wp-content\/uploads\/2021\/05\/img03.jpg\" class=\"attachment-full size-full\" alt=\"\" srcset=\"https:\/\/kool.cz\/wp-content\/uploads\/2021\/05\/img03-200x133.jpg 200w, https:\/\/kool.cz\/wp-content\/uploads\/2021\/05\/img03-300x200.jpg 300w, https:\/\/kool.cz\/wp-content\/uploads\/2021\/05\/img03-400x267.jpg 400w, https:\/\/kool.cz\/wp-content\/uploads\/2021\/05\/img03-600x400.jpg 600w, https:\/\/kool.cz\/wp-content\/uploads\/2021\/05\/img03-768x512.jpg 768w, https:\/\/kool.cz\/wp-content\/uploads\/2021\/05\/img03-800x533.jpg 800w, https:\/\/kool.cz\/wp-content\/uploads\/2021\/05\/img03-1024x682.jpg 1024w, https:\/\/kool.cz\/wp-content\/uploads\/2021\/05\/img03-1200x800.jpg 1200w, https:\/\/kool.cz\/wp-content\/uploads\/2021\/05\/img03.jpg 1280w\" sizes=\"(max-width: 1280px) 100vw, 1280px\" \/><\/a><\/div><\/div><\/div><div class=\"swiper-slide\"><div class=\"fusion-carousel-item-wrapper\"><div class=\"fusion-image-wrapper hover-type-zoomin\"><a data-rel=\"iLightbox[image_carousel_1]\" data-title=\"img04 (1)\" aria-label=\"img04 (1)\" href=\"http:\/\/kool.cz\/wp-content\/uploads\/2021\/05\/img04-1.jpg\" target=\"_self\"><img decoding=\"async\" width=\"1280\" height=\"853\" src=\"https:\/\/kool.cz\/wp-content\/uploads\/2021\/05\/img04-1.jpg\" class=\"attachment-full size-full\" alt=\"\" srcset=\"https:\/\/kool.cz\/wp-content\/uploads\/2021\/05\/img04-1-200x133.jpg 200w, https:\/\/kool.cz\/wp-content\/uploads\/2021\/05\/img04-1-300x200.jpg 300w, https:\/\/kool.cz\/wp-content\/uploads\/2021\/05\/img04-1-400x267.jpg 400w, https:\/\/kool.cz\/wp-content\/uploads\/2021\/05\/img04-1-600x400.jpg 600w, https:\/\/kool.cz\/wp-content\/uploads\/2021\/05\/img04-1-768x512.jpg 768w, https:\/\/kool.cz\/wp-content\/uploads\/2021\/05\/img04-1-800x533.jpg 800w, https:\/\/kool.cz\/wp-content\/uploads\/2021\/05\/img04-1-1024x682.jpg 1024w, https:\/\/kool.cz\/wp-content\/uploads\/2021\/05\/img04-1-1200x800.jpg 1200w, https:\/\/kool.cz\/wp-content\/uploads\/2021\/05\/img04-1.jpg 1280w\" sizes=\"(max-width: 1280px) 100vw, 1280px\" \/><\/a><\/div><\/div><\/div><\/div><div class=\"awb-swiper-button awb-swiper-button-prev\"><i class=\"awb-icon-angle-left\" aria-hidden=\"true\"><\/i><\/div><div class=\"awb-swiper-button awb-swiper-button-next\"><i class=\"awb-icon-angle-right\" aria-hidden=\"true\"><\/i><\/div><\/div><\/div><\/div><\/div><\/div><\/div><div class=\"fusion-fullwidth fullwidth-box fusion-builder-row-2 fusion-flex-container fusion-parallax-none cta nonhundred-percent-fullwidth non-hundred-percent-height-scrolling\" style=\"--awb-border-radius-top-left:0px;--awb-border-radius-top-right:0px;--awb-border-radius-bottom-right:0px;--awb-border-radius-bottom-left:0px;--awb-padding-top:100px;--awb-padding-bottom:100px;--awb-background-image:url(&quot;http:\/\/kool.cz\/wp-content\/uploads\/2021\/04\/cta-blue-box-scaled.jpg&quot;);--awb-background-size:cover;--awb-flex-wrap:wrap;\" ><div class=\"fusion-builder-row fusion-row fusion-flex-align-items-flex-start fusion-flex-content-wrap\" style=\"max-width:1248px;margin-left: calc(-4% \/ 2 );margin-right: calc(-4% \/ 2 );\"><div class=\"fusion-layout-column fusion_builder_column fusion-builder-column-2 fusion_builder_column_1_1 1_1 fusion-flex-column fusion-flex-align-self-center fusion-animated\" style=\"--awb-bg-size:cover;--awb-width-large:100%;--awb-margin-top-large:0px;--awb-spacing-right-large:1.92%;--awb-margin-bottom-large:20px;--awb-spacing-left-large:1.92%;--awb-width-medium:100%;--awb-order-medium:0;--awb-spacing-right-medium:1.92%;--awb-spacing-left-medium:1.92%;--awb-width-small:100%;--awb-order-small:0;--awb-spacing-right-small:1.92%;--awb-spacing-left-small:1.92%;\" data-animationType=\"fadeInLeft\" data-animationDuration=\"0.3\" data-animationOffset=\"top-into-view\"><div class=\"fusion-column-wrapper fusion-column-has-shadow fusion-flex-justify-content-center fusion-content-layout-column\"><div class=\"fusion-title title fusion-title-2 fusion-sep-none fusion-title-text fusion-title-size-two\" style=\"--awb-text-color:#ffffff;\"><h2 class=\"fusion-title-heading title-heading-left\" style=\"margin:0;\">\u041f\u0420\u0415\u041f\u0420\u0410\u0422\u041a\u0410<\/h2><\/div><div class=\"fusion-text fusion-text-2\" style=\"--awb-text-color:#ffffff;\"><p>\u0412\u0438\u0436\u0442\u0435 \u043f\u0440\u0438\u043c\u0435\u0440\u0438\u0442\u0435 \u0437\u0430 \u043d\u0430\u0448\u0430\u0442\u0430 \u0440\u0430\u0431\u043e\u0442\u0430 \u0432 \u0441\u043f\u0440\u0430\u0432\u043e\u0447\u043d\u0438\u044f \u0440\u0430\u0437\u0434\u0435\u043b.<\/p>\n<\/div><\/div><\/div><div class=\"fusion-layout-column fusion_builder_column fusion-builder-column-3 fusion_builder_column_1_1 1_1 fusion-flex-column fusion-flex-align-self-center fusion-animated\" style=\"--awb-bg-size:cover;--awb-width-large:100%;--awb-margin-top-large:0px;--awb-spacing-right-large:1.92%;--awb-margin-bottom-large:20px;--awb-spacing-left-large:1.92%;--awb-width-medium:100%;--awb-order-medium:0;--awb-spacing-right-medium:1.92%;--awb-spacing-left-medium:1.92%;--awb-width-small:100%;--awb-order-small:0;--awb-spacing-right-small:1.92%;--awb-spacing-left-small:1.92%;\" data-animationType=\"fadeInRight\" data-animationDuration=\"0.6\" data-animationOffset=\"top-into-view\"><div class=\"fusion-column-wrapper fusion-column-has-shadow fusion-flex-justify-content-center fusion-content-layout-column\"><div ><a class=\"fusion-button button-flat fusion-button-default-size button-default fusion-button-default button-1 fusion-button-default-span fusion-button-default-type\" target=\"_self\" href=\"\/bg\/\u043f\u0440\u0435\u043f\u0440\u0430\u0442\u043a\u0430\/\"><span class=\"fusion-button-text awb-button__text awb-button__text--default\">\u041f\u0420\u0415\u041f\u0420\u0410\u0422\u041a\u0410<\/span><\/a><\/div><\/div><\/div><\/div><\/div>\n<\/p>\n","protected":false},"excerpt":{"rendered":"","protected":false},"author":3,"featured_media":0,"parent":0,"menu_order":0,"comment_status":"closed","ping_status":"closed","template":"100-width.php","meta":{"footnotes":""},"class_list":["post-1445","page","type-page","status-publish","hentry"],"yoast_head":"<!-- This site is optimized with the Yoast SEO plugin v26.9 - https:\/\/yoast.com\/product\/yoast-seo-wordpress\/ -->\n<title>\u0421\u0435\u0440\u0432\u0438\u0437 - KOOL TRADING, spol. s r.o.<\/title>\n<meta name=\"robots\" content=\"index, follow, max-snippet:-1, max-image-preview:large, max-video-preview:-1\" \/>\n<link rel=\"canonical\" href=\"https:\/\/kool.cz\/bg\/\u0441\u0435\u0440\u0432\u0438\u0437\/\" \/>\n<meta property=\"og:locale\" content=\"bg_BG\" \/>\n<meta property=\"og:type\" content=\"article\" \/>\n<meta property=\"og:title\" content=\"\u0421\u0435\u0440\u0432\u0438\u0437 - KOOL TRADING, spol. s r.o.\" \/>\n<meta property=\"og:url\" content=\"https:\/\/kool.cz\/bg\/\u0441\u0435\u0440\u0432\u0438\u0437\/\" \/>\n<meta property=\"og:site_name\" content=\"KOOL TRADING, spol. s r.o.\" \/>\n<meta property=\"article:modified_time\" content=\"2021-05-14T08:50:52+00:00\" \/>\n<meta name=\"twitter:card\" content=\"summary_large_image\" \/>\n<meta name=\"twitter:label1\" content=\"Est. reading time\" \/>\n\t<meta name=\"twitter:data1\" content=\"6 \u043c\u0438\u043d\u0443\u0442\u0438\" \/>\n<script type=\"application\/ld+json\" class=\"yoast-schema-graph\">{\"@context\":\"https:\/\/schema.org\",\"@graph\":[{\"@type\":\"WebPage\",\"@id\":\"https:\/\/kool.cz\/bg\/%d1%81%d0%b5%d1%80%d0%b2%d0%b8%d0%b7\/\",\"url\":\"https:\/\/kool.cz\/bg\/%d1%81%d0%b5%d1%80%d0%b2%d0%b8%d0%b7\/\",\"name\":\"\u0421\u0435\u0440\u0432\u0438\u0437 - KOOL TRADING, spol. s r.o.\",\"isPartOf\":{\"@id\":\"https:\/\/kool.cz\/#website\"},\"datePublished\":\"2021-05-04T08:49:10+00:00\",\"dateModified\":\"2021-05-14T08:50:52+00:00\",\"inLanguage\":\"bg-BG\",\"potentialAction\":[{\"@type\":\"ReadAction\",\"target\":[\"https:\/\/kool.cz\/bg\/%d1%81%d0%b5%d1%80%d0%b2%d0%b8%d0%b7\/\"]}]},{\"@type\":\"WebSite\",\"@id\":\"https:\/\/kool.cz\/#website\",\"url\":\"https:\/\/kool.cz\/\",\"name\":\"KOOL TRADING, spol. s r.o.\",\"description\":\"Elitn\u00ed projektant a v\u00fdrobce \u00faprav\u00e1rensk\u00fdch linek a transportn\u00edch za\u0159\u00edzen\u00ed\",\"potentialAction\":[{\"@type\":\"SearchAction\",\"target\":{\"@type\":\"EntryPoint\",\"urlTemplate\":\"https:\/\/kool.cz\/?s={search_term_string}\"},\"query-input\":{\"@type\":\"PropertyValueSpecification\",\"valueRequired\":true,\"valueName\":\"search_term_string\"}}],\"inLanguage\":\"bg-BG\"}]}<\/script>\n<!-- \/ Yoast SEO plugin. -->","yoast_head_json":{"title":"\u0421\u0435\u0440\u0432\u0438\u0437 - KOOL TRADING, spol. s r.o.","robots":{"index":"index","follow":"follow","max-snippet":"max-snippet:-1","max-image-preview":"max-image-preview:large","max-video-preview":"max-video-preview:-1"},"canonical":"https:\/\/kool.cz\/bg\/\u0441\u0435\u0440\u0432\u0438\u0437\/","og_locale":"bg_BG","og_type":"article","og_title":"\u0421\u0435\u0440\u0432\u0438\u0437 - KOOL TRADING, spol. s r.o.","og_url":"https:\/\/kool.cz\/bg\/\u0441\u0435\u0440\u0432\u0438\u0437\/","og_site_name":"KOOL TRADING, spol. s r.o.","article_modified_time":"2021-05-14T08:50:52+00:00","twitter_card":"summary_large_image","twitter_misc":{"Est. reading time":"6 \u043c\u0438\u043d\u0443\u0442\u0438"},"schema":{"@context":"https:\/\/schema.org","@graph":[{"@type":"WebPage","@id":"https:\/\/kool.cz\/bg\/%d1%81%d0%b5%d1%80%d0%b2%d0%b8%d0%b7\/","url":"https:\/\/kool.cz\/bg\/%d1%81%d0%b5%d1%80%d0%b2%d0%b8%d0%b7\/","name":"\u0421\u0435\u0440\u0432\u0438\u0437 - KOOL TRADING, spol. s r.o.","isPartOf":{"@id":"https:\/\/kool.cz\/#website"},"datePublished":"2021-05-04T08:49:10+00:00","dateModified":"2021-05-14T08:50:52+00:00","inLanguage":"bg-BG","potentialAction":[{"@type":"ReadAction","target":["https:\/\/kool.cz\/bg\/%d1%81%d0%b5%d1%80%d0%b2%d0%b8%d0%b7\/"]}]},{"@type":"WebSite","@id":"https:\/\/kool.cz\/#website","url":"https:\/\/kool.cz\/","name":"KOOL TRADING, spol. s r.o.","description":"Elitn\u00ed projektant a v\u00fdrobce \u00faprav\u00e1rensk\u00fdch linek a transportn\u00edch za\u0159\u00edzen\u00ed","potentialAction":[{"@type":"SearchAction","target":{"@type":"EntryPoint","urlTemplate":"https:\/\/kool.cz\/?s={search_term_string}"},"query-input":{"@type":"PropertyValueSpecification","valueRequired":true,"valueName":"search_term_string"}}],"inLanguage":"bg-BG"}]}},"_links":{"self":[{"href":"https:\/\/kool.cz\/bg\/wp-json\/wp\/v2\/pages\/1445","targetHints":{"allow":["GET"]}}],"collection":[{"href":"https:\/\/kool.cz\/bg\/wp-json\/wp\/v2\/pages"}],"about":[{"href":"https:\/\/kool.cz\/bg\/wp-json\/wp\/v2\/types\/page"}],"author":[{"embeddable":true,"href":"https:\/\/kool.cz\/bg\/wp-json\/wp\/v2\/users\/3"}],"replies":[{"embeddable":true,"href":"https:\/\/kool.cz\/bg\/wp-json\/wp\/v2\/comments?post=1445"}],"version-history":[{"count":2,"href":"https:\/\/kool.cz\/bg\/wp-json\/wp\/v2\/pages\/1445\/revisions"}],"predecessor-version":[{"id":1447,"href":"https:\/\/kool.cz\/bg\/wp-json\/wp\/v2\/pages\/1445\/revisions\/1447"}],"wp:attachment":[{"href":"https:\/\/kool.cz\/bg\/wp-json\/wp\/v2\/media?parent=1445"}],"curies":[{"name":"wp","href":"https:\/\/api.w.org\/{rel}","templated":true}]}}